{"id":13,"date":"2013-04-26T17:49:02","date_gmt":"2013-04-26T15:49:02","guid":{"rendered":"http:\/\/www.fkh.se\/?page_id=13"},"modified":"2020-12-28T21:56:38","modified_gmt":"2020-12-28T19:56:38","slug":"valkommen","status":"publish","type":"page","link":"https:\/\/www.fkh.se\/","title":{"rendered":""},"content":{"rendered":"<p>&nbsp;<br \/>\nFirma Klas Hallqvist erbjuder konsulttj\u00e4nster inom projektmetodik, processtyrning, kvalitet, innovation, metodutvecklng, ledningssystem och ledningsst\u00f6d. Klas Hallqvist har mer tjugofem \u00e5rs erfarenhet i ledande st\u00e4llning fr\u00e5n IT- och telekomindustrin.<\/p>\n<p>Ganska sm\u00e5 konsultinsatser har gett stora resultat i form av kostnadsbesparingar och snabbare fl\u00f6den hos mina kunder. Dessutom \u00e4r det ju roligare att jobba smart! F\u00f6r mig \u00e4r det viktigt att konsultinsatserna \u00e4r pragmatiska och att de snabbt skapar v\u00e4rden f\u00f6r kunderna.<\/p>\n<p>Uppdragen utf\u00f6rs ibland med hj\u00e4lp av duktiga underkonsulter och ibland \u00e4r jag underkonsult till st\u00f6rre firmor.<\/p>\n<p>Firma Klas Hallqvist har erbjudit konsulttj\u00e4nster sedan 2001 och har F-skattsedel.<\/p>\n","protected":false},"excerpt":{"rendered":"<p>&nbsp; Firma Klas Hallqvist erbjuder konsulttj\u00e4nster inom projektmetodik, processtyrning, kvalitet, innovation, metodutvecklng, ledningssystem och ledningsst\u00f6d. Klas Hallqvist har mer tjugofem \u00e5rs erfarenhet i ledande st\u00e4llning fr\u00e5n IT- och telekomindustrin. Ganska sm\u00e5 konsultinsatser har gett stora resultat i form av kostnadsbesparingar &hellip; <a href=\"https:\/\/www.fkh.se\/\">Forts\u00e4tt l\u00e4sa <span class=\"meta-nav\">&rarr;<\/span><\/a><\/p>\n","protected":false},"author":3,"featured_media":0,"parent":0,"menu_order":0,"comment_status":"closed","ping_status":"closed","template":"","meta":{"jetpack_post_was_ever_published":false,"footnotes":""},"jetpack_shortlink":"https:\/\/wp.me\/P55pab-d","jetpack_sharing_enabled":true,"_links":{"self":[{"href":"https:\/\/www.fkh.se\/index.php?rest_route=\/wp\/v2\/pages\/13"}],"collection":[{"href":"https:\/\/www.fkh.se\/index.php?rest_route=\/wp\/v2\/pages"}],"about":[{"href":"https:\/\/www.fkh.se\/index.php?rest_route=\/wp\/v2\/types\/page"}],"author":[{"embeddable":true,"href":"https:\/\/www.fkh.se\/index.php?rest_route=\/wp\/v2\/users\/3"}],"replies":[{"embeddable":true,"href":"https:\/\/www.fkh.se\/index.php?rest_route=%2Fwp%2Fv2%2Fcomments&post=13"}],"version-history":[{"count":25,"href":"https:\/\/www.fkh.se\/index.php?rest_route=\/wp\/v2\/pages\/13\/revisions"}],"predecessor-version":[{"id":130,"href":"https:\/\/www.fkh.se\/index.php?rest_route=\/wp\/v2\/pages\/13\/revisions\/130"}],"wp:attachment":[{"href":"https:\/\/www.fkh.se\/index.php?rest_route=%2Fwp%2Fv2%2Fmedia&parent=13"}],"curies":[{"name":"wp","href":"https:\/\/api.w.org\/{rel}","templated":true}]}}